{"id":28,"date":"2022-11-21T16:05:45","date_gmt":"2022-11-21T16:05:45","guid":{"rendered":"http:\/\/kierunki.local\/?page_id=28"},"modified":"2022-11-21T16:05:45","modified_gmt":"2022-11-21T16:05:45","slug":"wsparcie","status":"publish","type":"page","link":"http:\/\/kierunki.stronazen.pl\/?page_id=28","title":{"rendered":"Wsparcie"},"content":{"rendered":"\n<div style=\"text-align: center; font-size: 2rem; font-family: Minion,\\\"Courier New\\\",Courier,monospace;\">Dane do przelewu:<br>\nNr konta: 34 1020 1390 0000 6902 0617 0056<br>\nStowarzyszenie Spo\u0142eczno-Kulturalne<br>\n&#8222;Kierunki&#8221;<br>\nBielsko-Bia\u0142a<br>\nKRS 0000766730<br>\nTytu\u0142: &#8222;Darowizna na dzia\u0142alno\u015b\u0107 statutow\u0105&#8221;<\/div>\n","protected":false},"excerpt":{"rendered":"<p>Dane do przelewu: Nr konta: 34 1020 1390 0000 6902 0617 0056 Stowarzyszenie Spo\u0142eczno-Kulturalne &#8222;Kierunki&#8221; Bielsko-Bia\u0142a KRS 0000766730 Tytu\u0142: &#8222;Darowizna na dzia\u0142alno\u015b\u0107 statutow\u0105&#8221; [&#8230;]<\/p>\n<p><a class=\"btn btn-secondary understrap-read-more-link\" href=\"http:\/\/kierunki.stronazen.pl\/?page_id=28\">Czytaj dalej\u2026<span class=\"screen-reader-text\"> from Wsparcie<\/span><\/a><\/p>\n","protected":false},"author":2,"featured_media":0,"parent":0,"menu_order":0,"comment_status":"closed","ping_status":"closed","template":"","meta":[],"acf":[],"_links":{"self":[{"href":"http:\/\/kierunki.stronazen.pl\/index.php?rest_route=\/wp\/v2\/pages\/28"}],"collection":[{"href":"http:\/\/kierunki.stronazen.pl\/index.php?rest_route=\/wp\/v2\/pages"}],"about":[{"href":"http:\/\/kierunki.stronazen.pl\/index.php?rest_route=\/wp\/v2\/types\/page"}],"author":[{"embeddable":true,"href":"http:\/\/kierunki.stronazen.pl\/index.php?rest_route=\/wp\/v2\/users\/2"}],"replies":[{"embeddable":true,"href":"http:\/\/kierunki.stronazen.pl\/index.php?rest_route=%2Fwp%2Fv2%2Fcomments&post=28"}],"version-history":[{"count":0,"href":"http:\/\/kierunki.stronazen.pl\/index.php?rest_route=\/wp\/v2\/pages\/28\/revisions"}],"wp:attachment":[{"href":"http:\/\/kierunki.stronazen.pl\/index.php?rest_route=%2Fwp%2Fv2%2Fmedia&parent=28"}],"curies":[{"name":"wp","href":"https:\/\/api.w.org\/{rel}","templated":true}]}}